{"id":2052,"date":"2019-09-07T14:43:37","date_gmt":"2019-09-07T13:43:37","guid":{"rendered":"http:\/\/localhost\/tubeless\/webfiles\/conditions-dutilisation\/"},"modified":"2019-09-07T14:43:37","modified_gmt":"2019-09-07T13:43:37","slug":"conditions-dutilisation","status":"publish","type":"page","link":"https:\/\/tubeless.com\/fr\/conditions-dutilisation\/","title":{"rendered":"Conditions d&rsquo;utilisation"},"content":{"rendered":"<h2>Bienvenue sur notre site.<\/h2>\n<p>Si vous continuez \u00e0 naviguer et \u00e0 utiliser ce site Web, vous acceptez de respecter et d&rsquo;\u00eatre li\u00e9 par les termes et conditions d&rsquo;utilisation suivants, qui, avec notre politique de confidentialit\u00e9, r\u00e9gissent Delt Papir d.o.o. relation avec vous par rapport \u00e0 ce site Web. Si vous n&rsquo;\u00eates pas d&rsquo;accord avec une partie de ces termes et conditions, veuillez ne pas utiliser notre site Web.<\/p>\n<h3>L&rsquo;utilisation de ce site est soumise aux conditions g\u00e9n\u00e9rales d&rsquo;utilisation suivantes:<\/h3>\n<ul>\n<li>Le contenu des pages de ce site Web est uniquement destin\u00e9 \u00e0 votre information g\u00e9n\u00e9rale et \u00e0 votre utilisation. Un changement sans pr\u00e9avis est possible.<\/li>\n<li>Ce site utilise des cookies pour suivre les pr\u00e9f\u00e9rences de navigation. Si vous autorisez l&rsquo;utilisation de cookies, des informations personnelles peuvent \u00eatre stock\u00e9es par nous pour \u00eatre utilis\u00e9es par des tiers. Voir notre politique de confidentialit\u00e9<\/li>\n<li>L&rsquo;utilisation des informations sur ce site Web est gratuite tant que vous ne copiez pas, ne distribuez pas ou n&rsquo;utilisez pas ou n&rsquo;abusez pas de ces informations.<\/li>\n<li>Ce site Web contient du mat\u00e9riel qui nous appartient ou nous est conc\u00e9d\u00e9 sous licence. Ce mat\u00e9riel comprend, mais sans s&rsquo;y limiter, la conception, la mise en page, l&rsquo;apparence et les graphiques. La reproduction est interdite autrement que conform\u00e9ment \u00e0 l&rsquo;avis de droit d&rsquo;auteur, qui fait partie de ces termes et conditions.<\/li>\n<li>NOUS ne garantissons pas que les fonctions de ce site Web seront ininterrompues ou sans erreur, ou que ce site ou le serveur qui le rend disponible sont exempts de virus ou de bogues.<\/li>\n<li>Toutes les marques reproduites sur ce site Web, qui ne sont pas la propri\u00e9t\u00e9 de l&rsquo;op\u00e9rateur ou ne lui sont pas conc\u00e9d\u00e9es sous licence, sont reconnues sur le site Web<\/li>\n<li>L&rsquo;utilisation non autoris\u00e9e de ce site Internet peut donner lieu \u00e0 une action en dommages-int\u00e9r\u00eats et\/ou constituer une infraction p\u00e9nale.<\/li>\n<li>De temps \u00e0 autre, ce site Web peut \u00e9galement inclure des liens vers d&rsquo;autres sites Web. Ces liens sont fournis pour votre commodit\u00e9 afin de fournir de plus amples informations. Ils ne signifient pas que nous approuvons les sites. Nous d\u00e9clinons toute responsabilit\u00e9 quant au contenu du ou des sites Web li\u00e9s.<\/li>\n<\/ul>\n","protected":false},"excerpt":{"rendered":"<p>Bienvenue sur notre site. Si vous continuez \u00e0 naviguer et \u00e0 utiliser ce site Web, vous acceptez de respecter et d&rsquo;\u00eatre li\u00e9 par les termes et conditions d&rsquo;utilisation suivants, qui, avec notre politique de confidentialit\u00e9, r\u00e9gissent Delt Papir d.o.o. relation avec vous par rapport \u00e0 ce site Web. Si vous n&rsquo;\u00eates pas d&rsquo;accord avec une [&#8230;]<\/p>\n<p><a class=\"btn btn-secondary understrap-read-more-link\" href=\"https:\/\/tubeless.com\/fr\/conditions-dutilisation\/\">Lire la suite\u2026<span class=\"screen-reader-text\"> from Conditions d&rsquo;utilisation<\/span><\/a><\/p>\n","protected":false},"author":1,"featured_media":0,"parent":0,"menu_order":22,"comment_status":"closed","ping_status":"closed","template":"page-general.php","meta":{"_acf_changed":false,"_monsterinsights_skip_tracking":false,"_monsterinsights_sitenote_active":false,"_monsterinsights_sitenote_note":"","_monsterinsights_sitenote_category":0,"footnotes":""},"class_list":["post-2052","page","type-page","status-publish","hentry"],"acf":[],"aioseo_notices":[],"_links":{"self":[{"href":"https:\/\/tubeless.com\/fr\/wp-json\/wp\/v2\/pages\/2052","targetHints":{"allow":["GET"]}}],"collection":[{"href":"https:\/\/tubeless.com\/fr\/wp-json\/wp\/v2\/pages"}],"about":[{"href":"https:\/\/tubeless.com\/fr\/wp-json\/wp\/v2\/types\/page"}],"author":[{"embeddable":true,"href":"https:\/\/tubeless.com\/fr\/wp-json\/wp\/v2\/users\/1"}],"replies":[{"embeddable":true,"href":"https:\/\/tubeless.com\/fr\/wp-json\/wp\/v2\/comments?post=2052"}],"version-history":[{"count":0,"href":"https:\/\/tubeless.com\/fr\/wp-json\/wp\/v2\/pages\/2052\/revisions"}],"wp:attachment":[{"href":"https:\/\/tubeless.com\/fr\/wp-json\/wp\/v2\/media?parent=2052"}],"curies":[{"name":"wp","href":"https:\/\/api.w.org\/{rel}","templated":true}]}}